{"id":496,"date":"2019-05-19T15:24:15","date_gmt":"2019-05-19T13:24:15","guid":{"rendered":"http:\/\/www.freundeskreis-menschen-mit-behinderung.de\/?p=496"},"modified":"2026-04-15T17:20:03","modified_gmt":"2026-04-15T15:20:03","slug":"impressum","status":"publish","type":"page","link":"https:\/\/www.freundeskreis-menschen-mit-behinderung.de\/?page_id=496","title":{"rendered":"Impressum"},"content":{"rendered":"\n<p><\/p>\n\n\n<p><strong>Angaben gem\u00e4\u00df \u00a7 5 TMG<\/strong><\/p>\n<p>Freundeskreis f\u00fcr Menschen mit Behinderung e.V.<br \/>Stettiner Str. 7<br \/>91564 Neuendettelsau<\/p>\n<p>Vereinsregister: VR 397<br \/>Registergericht: Amtsgericht Ansbach<\/p>\n<p><strong>Vertreten durch den Vorstand:<br \/><\/strong>Frau Doris Brunner<\/p>\n<p><strong>Kontakt<br \/><\/strong>Telefon: 09874-1301<br \/>Telefax: 09874-3223240<br \/>E-Mail: koenigkanzler@freenet.de<\/p>\n<p><strong>Verantwortlich f\u00fcr den Inhalt nach \u00a7 55 Abs. 2 RStV<br \/><\/strong>Doris Brunner<br \/>Vorsitzende<\/p>\n<p>Vereinsadresse:<br \/>Stettiner Str. 7<br \/>91564 Neuendettelsau<\/p>\n<p>Wir sind nicht bereit oder verpflichtet, an Streitbeilegungsverfahren vor einer Verbraucherschlichtungsstelle teilzunehmen.<\/p>\n<p><strong>Haftung f\u00fcr Inhalte<\/strong><\/p>\n<p>Als Diensteanbieter sind wir gem\u00e4\u00df \u00a7 7 Abs.1 TMG f\u00fcr eigene Inhalte auf diesen Seiten nach den allgemeinen Gesetzen verantwortlich. Nach \u00a7\u00a7 8 bis 10 TMG sind wir als Diensteanbieter jedoch nicht verpflichtet, \u00fcbermittelte oder gespeicherte fremde Informationen zu \u00fcberwachen oder nach Umst\u00e4nden zu forschen, die auf eine rechtswidrige T\u00e4tigkeit hinweisen.<\/p>\n<p>Verpflichtungen zur Entfernung oder Sperrung der Nutzung von Informationen nach den allgemeinen\u00a0Gesetzen bleiben hiervon unber\u00fchrt. Eine diesbez\u00fcgliche Haftung ist jedoch erst ab dem Zeitpunkt der Kenntnis einer konkreten Rechtsverletzung m\u00f6glich. Bei Bekanntwerden von entsprechenden Rechtsverletzungen werden wir diese Inhalte umgehend entfernen.<\/p>\n<p><strong>Kontaktdaten Websitebetreiber<\/strong><\/p>\n<p>Host Europe GmbH &#8211; Hansestr. 111 &#8211; 51149 K\u00f6ln &#8211; <span style=\"color: #000000;\"><a style=\"color: #000000;\" href=\"https:\/\/www.hosteurope.de\/\">www.hosteurope.de &#8211;<\/a> <\/span><br \/>Gerichtsstand: HRB 28495 &#8211; Amtsgericht K\u00f6ln &#8211; Umsatzsteuer.-ID: DE187370678 &#8211; Gesch\u00e4ftsf\u00fchrer: Dr. Claus Boyens, Tobias Mohr Host Europe GmbH\u00a0\u00a0<\/p>\n<p><strong>Urheberrecht<\/strong><\/p>\n<p>Die durch die Seitenbetreiber erstellten Inhalte und Werke auf diesen Seiten unterliegen dem deutschen Urheberrecht. Die Vervielf\u00e4ltigung, Bearbeitung, Verbreitung und jede Art der Verwertung au\u00dferhalb der Grenzen des Urheberrechtes bed\u00fcrfen der schriftlichen Zustimmung des jeweiligen Autors bzw. Erstellers. Downloads und Kopien dieser Seite sind nur f\u00fcr den privaten, nicht kommerziellen Gebrauch gestattet.<\/p>\n<p>Soweit die Inhalte auf dieser Seite nicht vom Betreiber erstellt wurden, werden die Urheberrechte Dritter beachtet. Insbesondere werden Inhalte Dritter als solche gekennzeichnet. Sollten Sie trotzdem auf eine Urheberrechtsverletzung aufmerksam werden, bitten wir um einen entsprechenden Hinweis. Bei Bekanntwerden von Rechtsverletzungen werden wir derartige Inhalte umgehend entfernen.<\/p>\n<p>Quelle: <a href=\"https:\/\/www.e-recht24.de\">eRecht24<\/a><\/p>","protected":false},"excerpt":{"rendered":"<p>Angaben gem\u00e4\u00df \u00a7 5 TMG Freundeskreis f\u00fcr Menschen mit Behinderung e.V.Stettiner Str. 791564 Neuendettelsau Vereinsregister: VR 397Registergericht: Amtsgericht Ansbach Vertreten durch den Vorstand:Frau Doris Brunner KontaktTelefon: 09874-1301Telefax: 09874-3223240E-Mail: koenigkanzler@freenet.de Verantwortlich [&hellip;]<\/p>\n","protected":false},"author":1,"featured_media":0,"parent":0,"menu_order":0,"comment_status":"closed","ping_status":"closed","template":"","meta":{"footnotes":""},"class_list":["post-496","page","type-page","status-publish","hentry"],"_links":{"self":[{"href":"https:\/\/www.freundeskreis-menschen-mit-behinderung.de\/index.php?rest_route=\/wp\/v2\/pages\/496","targetHints":{"allow":["GET"]}}],"collection":[{"href":"https:\/\/www.freundeskreis-menschen-mit-behinderung.de\/index.php?rest_route=\/wp\/v2\/pages"}],"about":[{"href":"https:\/\/www.freundeskreis-menschen-mit-behinderung.de\/index.php?rest_route=\/wp\/v2\/types\/page"}],"author":[{"embeddable":true,"href":"https:\/\/www.freundeskreis-menschen-mit-behinderung.de\/index.php?rest_route=\/wp\/v2\/users\/1"}],"replies":[{"embeddable":true,"href":"https:\/\/www.freundeskreis-menschen-mit-behinderung.de\/index.php?rest_route=%2Fwp%2Fv2%2Fcomments&post=496"}],"version-history":[{"count":5,"href":"https:\/\/www.freundeskreis-menschen-mit-behinderung.de\/index.php?rest_route=\/wp\/v2\/pages\/496\/revisions"}],"predecessor-version":[{"id":524,"href":"https:\/\/www.freundeskreis-menschen-mit-behinderung.de\/index.php?rest_route=\/wp\/v2\/pages\/496\/revisions\/524"}],"wp:attachment":[{"href":"https:\/\/www.freundeskreis-menschen-mit-behinderung.de\/index.php?rest_route=%2Fwp%2Fv2%2Fmedia&parent=496"}],"curies":[{"name":"wp","href":"https:\/\/api.w.org\/{rel}","templated":true}]}}