{"id":41,"date":"2012-01-09T20:42:54","date_gmt":"2012-01-09T19:42:54","guid":{"rendered":"http:\/\/wp10923591.wp275.webpack.hosteurope.de\/wp1\/?page_id=41"},"modified":"2021-02-06T19:26:48","modified_gmt":"2021-02-06T18:26:48","slug":"flyer","status":"publish","type":"page","link":"https:\/\/www.freundeskreis-menschen-mit-behinderung.de\/?page_id=41","title":{"rendered":"Flyer"},"content":{"rendered":"<p><a href=\"https:\/\/www.freundeskreis-menschen-mit-behinderung.de\/wp1\/wp-content\/uploads\/2012\/01\/neuer_flyer_seite1.jpg\"><img loading=\"lazy\" decoding=\"async\" class=\"alignnone size-medium wp-image-461\" src=\"https:\/\/www.freundeskreis-menschen-mit-behinderung.de\/wp1\/wp-content\/uploads\/2012\/01\/neuer_flyer_seite1-300x212.jpg\" alt=\"neuer_flyer_seite1\" width=\"300\" height=\"212\" srcset=\"https:\/\/www.freundeskreis-menschen-mit-behinderung.de\/wp1\/wp-content\/uploads\/2012\/01\/neuer_flyer_seite1-300x212.jpg 300w, https:\/\/www.freundeskreis-menschen-mit-behinderung.de\/wp1\/wp-content\/uploads\/2012\/01\/neuer_flyer_seite1-1024x723.jpg 1024w\" sizes=\"auto, (max-width: 300px) 100vw, 300px\" \/><\/a><a href=\"https:\/\/www.freundeskreis-menschen-mit-behinderung.de\/wp1\/wp-content\/uploads\/2012\/01\/neuer_flyer_seite2.jpg\"><img loading=\"lazy\" decoding=\"async\" class=\"alignnone size-medium wp-image-462\" src=\"https:\/\/www.freundeskreis-menschen-mit-behinderung.de\/wp1\/wp-content\/uploads\/2012\/01\/neuer_flyer_seite2-300x212.jpg\" alt=\"neuer_flyer_seite2\" width=\"300\" height=\"212\" srcset=\"https:\/\/www.freundeskreis-menschen-mit-behinderung.de\/wp1\/wp-content\/uploads\/2012\/01\/neuer_flyer_seite2-300x212.jpg 300w, https:\/\/www.freundeskreis-menschen-mit-behinderung.de\/wp1\/wp-content\/uploads\/2012\/01\/neuer_flyer_seite2-1024x723.jpg 1024w\" sizes=\"auto, (max-width: 300px) 100vw, 300px\" \/><\/a><\/p>\n<p>\u00a0<\/p>\n<p>\u00a0<\/p>\n\n\n<p><\/p>\n\n\n<p><strong>Datenschutzerkl\u00e4rung<\/strong><\/p>\n<p>Wir verarbeiten Ihre personenbezogenen Daten zum Zweck der F\u00fchrung Ihrer Mitgliedschaft in unserem F\u00f6rderverein (Anschreiben zur Information, Einladungen, Einzug von Mitgliedsbeitrag). Rechtsgrundlage hierf\u00fcr ist die DSGVO (Vertragserf\u00fcllung nach Art. 6 Abs. 1 lit. b).<\/p>\n<p>Sie haben ein Recht auf Auskunft (Art. 15 DSGVO), Berichtigung (Art. 16 DSGVO) und L\u00f6schung (Art 17 DSGVO) Ihrer Daten sowie im Falle von Verst\u00f6\u00dfen gegen die DSGVO ein Recht auf Beschwerde bei der zust\u00e4ndigen Aufsichtsbeh\u00f6rde (Bayerisches Landesamt f\u00fcr Datenschutzaufsicht, Promenade 27, 91522 Ansbach)<\/p>\n<p>Verantwortlich f\u00fcr die Datenverarbeitung ist \u201cFreundeskreis f\u00fcr Menschen mit Behinderung e.V.\u201c, Frau Rita K\u00f6nig, Stettiner Stra\u00dfe 7, 91564 Neuendettelsau, Telefon: 09874-1301, <br \/>E-Mail: koenigkanzler@freenet.de.<\/p>","protected":false},"excerpt":{"rendered":"<p>\u00a0 \u00a0 Datenschutzerkl\u00e4rung Wir verarbeiten Ihre personenbezogenen Daten zum Zweck der F\u00fchrung Ihrer Mitgliedschaft in unserem F\u00f6rderverein (Anschreiben zur Information, Einladungen, Einzug von Mitgliedsbeitrag). Rechtsgrundlage hierf\u00fcr ist die DSGVO (Vertragserf\u00fcllung [&hellip;]<\/p>\n","protected":false},"author":1,"featured_media":0,"parent":0,"menu_order":0,"comment_status":"open","ping_status":"open","template":"","meta":{"footnotes":""},"class_list":["post-41","page","type-page","status-publish","hentry"],"_links":{"self":[{"href":"https:\/\/www.freundeskreis-menschen-mit-behinderung.de\/index.php?rest_route=\/wp\/v2\/pages\/41","targetHints":{"allow":["GET"]}}],"collection":[{"href":"https:\/\/www.freundeskreis-menschen-mit-behinderung.de\/index.php?rest_route=\/wp\/v2\/pages"}],"about":[{"href":"https:\/\/www.freundeskreis-menschen-mit-behinderung.de\/index.php?rest_route=\/wp\/v2\/types\/page"}],"author":[{"embeddable":true,"href":"https:\/\/www.freundeskreis-menschen-mit-behinderung.de\/index.php?rest_route=\/wp\/v2\/users\/1"}],"replies":[{"embeddable":true,"href":"https:\/\/www.freundeskreis-menschen-mit-behinderung.de\/index.php?rest_route=%2Fwp%2Fv2%2Fcomments&post=41"}],"version-history":[{"count":7,"href":"https:\/\/www.freundeskreis-menschen-mit-behinderung.de\/index.php?rest_route=\/wp\/v2\/pages\/41\/revisions"}],"predecessor-version":[{"id":589,"href":"https:\/\/www.freundeskreis-menschen-mit-behinderung.de\/index.php?rest_route=\/wp\/v2\/pages\/41\/revisions\/589"}],"wp:attachment":[{"href":"https:\/\/www.freundeskreis-menschen-mit-behinderung.de\/index.php?rest_route=%2Fwp%2Fv2%2Fmedia&parent=41"}],"curies":[{"name":"wp","href":"https:\/\/api.w.org\/{rel}","templated":true}]}}