{"id":129,"date":"2012-01-16T20:57:43","date_gmt":"2012-01-16T19:57:43","guid":{"rendered":"http:\/\/www.freundeskreis-menschen-mit-behinderung.de\/wp1\/?page_id=129"},"modified":"2024-09-28T21:24:59","modified_gmt":"2024-09-28T19:24:59","slug":"der-vorstand","status":"publish","type":"page","link":"https:\/\/www.freundeskreis-menschen-mit-behinderung.de\/?page_id=129","title":{"rendered":"Der Vorstand"},"content":{"rendered":"<p>Jeweils f\u00fcr drei Jahre w\u00e4hlt die Mitgliederversammlung das Leitungsteam. Derzeit setzt es sich so zusammen:<\/p>\n<p><strong>Doris Brunner:<\/strong>\u00a01. Vorsitzende. Ihre Tochter Magdalena lebte lange Jahre im Friedenshort.<\/p>\n<p><strong>Claudia Klement:<\/strong>\u00a02. Vorsitzende, Wohnbereichsleitung im Bereich Wohnen.<\/p>\n<p><strong>Helga Sch\u00fclein:<\/strong>\u00a0Schriftf\u00fchrerin. Ihr Sohn Joachim lebte lange Jahre im Friedenshort.<\/p>\n<p><strong>Rita K\u00f6nig:<\/strong>\u00a0Schatzmeisterin, ehemals langj\u00e4hrige Mitarbeiterin in der Verwaltung des Hauses Friedenshort der Behindertenhilfe, nun im Ruhestand. Ihre Privatadresse\u00a0 ist auch die offizielle Vereinsadresse.<br \/>\nMail: koenigkanzler@freenet.de<\/p>\n<p><strong>Elisabeth &#8222;Sissi&#8220; Schick:<\/strong>\u00a0Beisitzerin, ehemals leitende Mitarbeiterin im Bereich Wohnen Neuendettelsau der Behindertenhilfe, nun im Ruhestand noch ehrenamtlich t\u00e4tig.<\/p>\n<p><strong>Daniela Kernstock:<\/strong>\u00a0Beisitzerin. Ihre Tochter lebt im Bereich Wohnen Neuendettelsau.<\/p>\n<p><a href=\"https:\/\/www.freundeskreis-menschen-mit-behinderung.de\/wp1\/wp-content\/uploads\/2024\/09\/IMG_1897_live.heic\"><img decoding=\"async\" class=\"alignnone size-full wp-image-667\" src=\"https:\/\/www.freundeskreis-menschen-mit-behinderung.de\/wp1\/wp-content\/uploads\/2024\/09\/IMG_1897_live.heic\" alt=\"\" \/><\/a><a href=\"https:\/\/www.freundeskreis-menschen-mit-behinderung.de\/wp1\/wp-content\/uploads\/2024\/09\/IMG_1897-scaled.jpg\"><img loading=\"lazy\" decoding=\"async\" class=\"alignnone  wp-image-669\" src=\"https:\/\/www.freundeskreis-menschen-mit-behinderung.de\/wp1\/wp-content\/uploads\/2024\/09\/IMG_1897-scaled.jpg\" alt=\"\" width=\"571\" height=\"402\" srcset=\"https:\/\/www.freundeskreis-menschen-mit-behinderung.de\/wp1\/wp-content\/uploads\/2024\/09\/IMG_1897-scaled.jpg 2560w, https:\/\/www.freundeskreis-menschen-mit-behinderung.de\/wp1\/wp-content\/uploads\/2024\/09\/IMG_1897-300x211.jpg 300w, https:\/\/www.freundeskreis-menschen-mit-behinderung.de\/wp1\/wp-content\/uploads\/2024\/09\/IMG_1897-1024x720.jpg 1024w, https:\/\/www.freundeskreis-menschen-mit-behinderung.de\/wp1\/wp-content\/uploads\/2024\/09\/IMG_1897-768x540.jpg 768w, https:\/\/www.freundeskreis-menschen-mit-behinderung.de\/wp1\/wp-content\/uploads\/2024\/09\/IMG_1897-1536x1080.jpg 1536w, https:\/\/www.freundeskreis-menschen-mit-behinderung.de\/wp1\/wp-content\/uploads\/2024\/09\/IMG_1897-2048x1440.jpg 2048w\" sizes=\"auto, (max-width: 571px) 100vw, 571px\" \/><\/a><\/p>\n<p><em>von links: Doris Brunner, Rita K\u00f6nig, Claudia Klement, Elisabeth Schick, Daniela Kernstock, Helga Sch\u00fclein<\/em><\/p>\n<address>\u00a0<\/address>\n<p>Alle Vorstandsmitglieder arbeiten zu einhundert Prozent ehrenamtlich f\u00fcr den Verein. Gerne stehen die oben Genannten f\u00fcr weitere Ausk\u00fcnfte bereit.<\/p>\n","protected":false},"excerpt":{"rendered":"<p>Jeweils f\u00fcr drei Jahre w\u00e4hlt die Mitgliederversammlung das Leitungsteam. Derzeit setzt es sich so zusammen: Doris Brunner:\u00a01. Vorsitzende. Ihre Tochter Magdalena lebte lange Jahre im Friedenshort. Claudia Klement:\u00a02. Vorsitzende, Wohnbereichsleitung [&hellip;]<\/p>\n","protected":false},"author":2,"featured_media":0,"parent":0,"menu_order":0,"comment_status":"open","ping_status":"open","template":"","meta":{"footnotes":""},"class_list":["post-129","page","type-page","status-publish","hentry"],"_links":{"self":[{"href":"https:\/\/www.freundeskreis-menschen-mit-behinderung.de\/index.php?rest_route=\/wp\/v2\/pages\/129","targetHints":{"allow":["GET"]}}],"collection":[{"href":"https:\/\/www.freundeskreis-menschen-mit-behinderung.de\/index.php?rest_route=\/wp\/v2\/pages"}],"about":[{"href":"https:\/\/www.freundeskreis-menschen-mit-behinderung.de\/index.php?rest_route=\/wp\/v2\/types\/page"}],"author":[{"embeddable":true,"href":"https:\/\/www.freundeskreis-menschen-mit-behinderung.de\/index.php?rest_route=\/wp\/v2\/users\/2"}],"replies":[{"embeddable":true,"href":"https:\/\/www.freundeskreis-menschen-mit-behinderung.de\/index.php?rest_route=%2Fwp%2Fv2%2Fcomments&post=129"}],"version-history":[{"count":17,"href":"https:\/\/www.freundeskreis-menschen-mit-behinderung.de\/index.php?rest_route=\/wp\/v2\/pages\/129\/revisions"}],"predecessor-version":[{"id":672,"href":"https:\/\/www.freundeskreis-menschen-mit-behinderung.de\/index.php?rest_route=\/wp\/v2\/pages\/129\/revisions\/672"}],"wp:attachment":[{"href":"https:\/\/www.freundeskreis-menschen-mit-behinderung.de\/index.php?rest_route=%2Fwp%2Fv2%2Fmedia&parent=129"}],"curies":[{"name":"wp","href":"https:\/\/api.w.org\/{rel}","templated":true}]}}